{"id":74,"date":"2025-07-04T12:06:43","date_gmt":"2025-07-04T10:06:43","guid":{"rendered":"https:\/\/blog.digitalprofiles.net\/?page_id=74"},"modified":"2025-07-04T12:19:22","modified_gmt":"2025-07-04T10:19:22","slug":"blog","status":"publish","type":"page","link":"https:\/\/blog.digitalprofiles.net\/en\/","title":{"rendered":"Blog"},"content":{"rendered":"<div data-elementor-type=\"wp-page\" data-elementor-id=\"74\" class=\"elementor elementor-74\" data-elementor-post-type=\"page\">\n\t\t\t\t<div class=\"elementor-element elementor-element-233e4e8 e-flex e-con-boxed e-con e-parent\" data-id=\"233e4e8\" data-element_type=\"container\">\n\t\t\t\t\t<div class=\"e-con-inner\">\n\t\t\t\t<div class=\"elementor-element elementor-element-9943a5f elementor-grid-3 elementor-grid-tablet-2 elementor-grid-mobile-1 elementor-posts--thumbnail-top elementor-widget elementor-widget-posts\" data-id=\"9943a5f\" data-element_type=\"widget\" data-settings=\"{&quot;pagination_type&quot;:&quot;numbers&quot;,&quot;classic_columns&quot;:&quot;3&quot;,&quot;classic_columns_tablet&quot;:&quot;2&quot;,&quot;classic_columns_mobile&quot;:&quot;1&quot;,&quot;classic_row_gap&quot;:{&quot;unit&quot;:&quot;px&quot;,&quot;size&quot;:35,&quot;sizes&quot;:[]},&quot;classic_row_gap_tablet&quot;:{&quot;unit&quot;:&quot;px&quot;,&quot;size&quot;:&quot;&quot;,&quot;sizes&quot;:[]},&quot;classic_row_gap_mobile&quot;:{&quot;unit&quot;:&quot;px&quot;,&quot;size&quot;:&quot;&quot;,&quot;sizes&quot;:[]}}\" data-widget_type=\"posts.classic\">\n\t\t\t\t<div class=\"elementor-widget-container\">\n\t\t\t\t\t\t\t<div class=\"elementor-posts-container elementor-posts elementor-posts--skin-classic elementor-grid\" role=\"list\">\r\n\t\t\t\t<article class=\"elementor-post elementor-grid-item post-520 post type-post status-publish format-standard has-post-thumbnail hentry category-adquision-de-talento tag-seleccion-de-personal\" role=\"listitem\">\r\n\t\t\t\t<a class=\"elementor-post__thumbnail__link\" href=\"https:\/\/blog.digitalprofiles.net\/en\/seleccion-de-personal-el-factor-estrategico-que-define-el-exito-empresarial\/\" tabindex=\"-1\" >\r\n\t\t\t<div class=\"elementor-post__thumbnail\"><img fetchpriority=\"high\" decoding=\"async\" width=\"1200\" height=\"675\" src=\"https:\/\/blog.digitalprofiles.net\/wp-content\/uploads\/2026\/04\/1.jpg\" class=\"attachment-full size-full wp-image-522\" alt=\"\" srcset=\"https:\/\/blog.digitalprofiles.net\/wp-content\/uploads\/2026\/04\/1.jpg 1200w, https:\/\/blog.digitalprofiles.net\/wp-content\/uploads\/2026\/04\/1-300x169.jpg 300w, https:\/\/blog.digitalprofiles.net\/wp-content\/uploads\/2026\/04\/1-1024x576.jpg 1024w, https:\/\/blog.digitalprofiles.net\/wp-content\/uploads\/2026\/04\/1-768x432.jpg 768w, https:\/\/blog.digitalprofiles.net\/wp-content\/uploads\/2026\/04\/1-18x10.jpg 18w\" sizes=\"(max-width: 1200px) 100vw, 1200px\" \/><\/div>\r\n\t\t<\/a>\r\n\t\t\t\t<div class=\"elementor-post__text\">\r\n\t\t\t\t<h3 class=\"elementor-post__title\">\r\n\t\t\t<a href=\"https:\/\/blog.digitalprofiles.net\/en\/seleccion-de-personal-el-factor-estrategico-que-define-el-exito-empresarial\/\" >\r\n\t\t\t\tSelecci\u00f3n de personal: el factor estrat\u00e9gico que define el \u00e9xito empresarial\t\t\t<\/a>\r\n\t\t<\/h3>\r\n\t\t\t\t<div class=\"elementor-post__meta-data\">\r\n\t\t\t\t\t<span class=\"elementor-post-date\">\r\n\t\t\tMarch 27, 2026\t\t<\/span>\r\n\t\t\t\t<\/div>\r\n\t\t\t\t<div class=\"elementor-post__excerpt\">\r\n\t\t\t<p>Selecci\u00f3n de personal basada en estrategia y conocimiento del mercado En un entorno empresarial cada vez m\u00e1s competitivo y cambiante, la seleccion de personal se<\/p>\n\t\t<\/div>\r\n\t\t\r\n\t\t<a class=\"elementor-post__read-more\" href=\"https:\/\/blog.digitalprofiles.net\/en\/seleccion-de-personal-el-factor-estrategico-que-define-el-exito-empresarial\/\" aria-label=\"Read more about Selecci\u00f3n de personal: el factor estrat\u00e9gico que define el \u00e9xito empresarial\" tabindex=\"-1\" >\r\n\t\t\tRead more &quot;\t\t<\/a>\r\n\r\n\t\t\t\t<\/div>\r\n\t\t\t\t<\/article>\r\n\t\t\t\t<article class=\"elementor-post elementor-grid-item post-526 post type-post status-publish format-standard has-post-thumbnail hentry category-transformacion-digital-de-empresas\" role=\"listitem\">\r\n\t\t\t\t<a class=\"elementor-post__thumbnail__link\" href=\"https:\/\/blog.digitalprofiles.net\/en\/seguridad-digital-el-pilar-invisible-que-protege-el-crecimiento-de-las-empresas\/\" tabindex=\"-1\" >\r\n\t\t\t<div class=\"elementor-post__thumbnail\"><img decoding=\"async\" width=\"1200\" height=\"675\" src=\"https:\/\/blog.digitalprofiles.net\/wp-content\/uploads\/2026\/04\/1-1.jpg\" class=\"attachment-full size-full wp-image-527\" alt=\"\" srcset=\"https:\/\/blog.digitalprofiles.net\/wp-content\/uploads\/2026\/04\/1-1.jpg 1200w, https:\/\/blog.digitalprofiles.net\/wp-content\/uploads\/2026\/04\/1-1-300x169.jpg 300w, https:\/\/blog.digitalprofiles.net\/wp-content\/uploads\/2026\/04\/1-1-1024x576.jpg 1024w, https:\/\/blog.digitalprofiles.net\/wp-content\/uploads\/2026\/04\/1-1-768x432.jpg 768w, https:\/\/blog.digitalprofiles.net\/wp-content\/uploads\/2026\/04\/1-1-18x10.jpg 18w\" sizes=\"(max-width: 1200px) 100vw, 1200px\" \/><\/div>\r\n\t\t<\/a>\r\n\t\t\t\t<div class=\"elementor-post__text\">\r\n\t\t\t\t<h3 class=\"elementor-post__title\">\r\n\t\t\t<a href=\"https:\/\/blog.digitalprofiles.net\/en\/seguridad-digital-el-pilar-invisible-que-protege-el-crecimiento-de-las-empresas\/\" >\r\n\t\t\t\tDigital security: the invisible pillar that protects the growth of modern businesses\t\t\t<\/a>\r\n\t\t<\/h3>\r\n\t\t\t\t<div class=\"elementor-post__meta-data\">\r\n\t\t\t\t\t<span class=\"elementor-post-date\">\r\n\t\t\tMarch 26, 2026\t\t<\/span>\r\n\t\t\t\t<\/div>\r\n\t\t\t\t<div class=\"elementor-post__excerpt\">\r\n\t\t\t<p>Seguridad digital como base de la transformaci\u00f3n empresarial En la actualidad, la seguridad digital se ha convertido en uno de los elementos m\u00e1s cr\u00edticos para<\/p>\n\t\t<\/div>\r\n\t\t\r\n\t\t<a class=\"elementor-post__read-more\" href=\"https:\/\/blog.digitalprofiles.net\/en\/seguridad-digital-el-pilar-invisible-que-protege-el-crecimiento-de-las-empresas\/\" aria-label=\"Read more about Seguridad digital: el pilar invisible que protege el crecimiento de las empresas modernas\" tabindex=\"-1\" >\r\n\t\t\tRead more &quot;\t\t<\/a>\r\n\r\n\t\t\t\t<\/div>\r\n\t\t\t\t<\/article>\r\n\t\t\t\t<article class=\"elementor-post elementor-grid-item post-538 post type-post status-publish format-standard has-post-thumbnail hentry category-transformacion-digital-de-empresas\" role=\"listitem\">\r\n\t\t\t\t<a class=\"elementor-post__thumbnail__link\" href=\"https:\/\/blog.digitalprofiles.net\/en\/ia-aplicada-a-la-empresa-como-transformar-datos-en-decisiones-estrategicas-y-crecimiento-real\/\" tabindex=\"-1\" >\r\n\t\t\t<div class=\"elementor-post__thumbnail\"><img decoding=\"async\" width=\"1200\" height=\"675\" src=\"https:\/\/blog.digitalprofiles.net\/wp-content\/uploads\/2026\/04\/2-3.jpg\" class=\"attachment-full size-full wp-image-540\" alt=\"\" srcset=\"https:\/\/blog.digitalprofiles.net\/wp-content\/uploads\/2026\/04\/2-3.jpg 1200w, https:\/\/blog.digitalprofiles.net\/wp-content\/uploads\/2026\/04\/2-3-300x169.jpg 300w, https:\/\/blog.digitalprofiles.net\/wp-content\/uploads\/2026\/04\/2-3-1024x576.jpg 1024w, https:\/\/blog.digitalprofiles.net\/wp-content\/uploads\/2026\/04\/2-3-768x432.jpg 768w, https:\/\/blog.digitalprofiles.net\/wp-content\/uploads\/2026\/04\/2-3-18x10.jpg 18w\" sizes=\"(max-width: 1200px) 100vw, 1200px\" \/><\/div>\r\n\t\t<\/a>\r\n\t\t\t\t<div class=\"elementor-post__text\">\r\n\t\t\t\t<h3 class=\"elementor-post__title\">\r\n\t\t\t<a href=\"https:\/\/blog.digitalprofiles.net\/en\/ia-aplicada-a-la-empresa-como-transformar-datos-en-decisiones-estrategicas-y-crecimiento-real\/\" >\r\n\t\t\t\tIA aplicada a la empresa: c\u00f3mo transformar datos en decisiones estrat\u00e9gicas y crecimiento real\t\t\t<\/a>\r\n\t\t<\/h3>\r\n\t\t\t\t<div class=\"elementor-post__meta-data\">\r\n\t\t\t\t\t<span class=\"elementor-post-date\">\r\n\t\t\tFebruary 27, 2026\t\t<\/span>\r\n\t\t\t\t<\/div>\r\n\t\t\t\t<div class=\"elementor-post__excerpt\">\r\n\t\t\t<p>IA aplicada a la empresa como motor de eficiencia operativa La inteligencia artificial ha dejado de ser una tecnolog\u00eda reservada a grandes corporaciones para convertirse<\/p>\n\t\t<\/div>\r\n\t\t\r\n\t\t<a class=\"elementor-post__read-more\" href=\"https:\/\/blog.digitalprofiles.net\/en\/ia-aplicada-a-la-empresa-como-transformar-datos-en-decisiones-estrategicas-y-crecimiento-real\/\" aria-label=\"Read more about IA aplicada a la empresa: c\u00f3mo transformar datos en decisiones estrat\u00e9gicas y crecimiento real\" tabindex=\"-1\" >\r\n\t\t\tRead more &quot;\t\t<\/a>\r\n\r\n\t\t\t\t<\/div>\r\n\t\t\t\t<\/article>\r\n\t\t\t\t<article class=\"elementor-post elementor-grid-item post-532 post type-post status-publish format-standard has-post-thumbnail hentry category-transformacion-digital-de-empresas\" role=\"listitem\">\r\n\t\t\t\t<a class=\"elementor-post__thumbnail__link\" href=\"https:\/\/blog.digitalprofiles.net\/en\/consultoria-de-transformacion-digital-como-convertir-la-tecnologia-en-una-ventaja-competitiva-real\/\" tabindex=\"-1\" >\r\n\t\t\t<div class=\"elementor-post__thumbnail\"><img loading=\"lazy\" decoding=\"async\" width=\"1200\" height=\"675\" src=\"https:\/\/blog.digitalprofiles.net\/wp-content\/uploads\/2026\/04\/1-2.jpg\" class=\"attachment-full size-full wp-image-533\" alt=\"\" srcset=\"https:\/\/blog.digitalprofiles.net\/wp-content\/uploads\/2026\/04\/1-2.jpg 1200w, https:\/\/blog.digitalprofiles.net\/wp-content\/uploads\/2026\/04\/1-2-300x169.jpg 300w, https:\/\/blog.digitalprofiles.net\/wp-content\/uploads\/2026\/04\/1-2-1024x576.jpg 1024w, https:\/\/blog.digitalprofiles.net\/wp-content\/uploads\/2026\/04\/1-2-768x432.jpg 768w, https:\/\/blog.digitalprofiles.net\/wp-content\/uploads\/2026\/04\/1-2-18x10.jpg 18w\" sizes=\"(max-width: 1200px) 100vw, 1200px\" \/><\/div>\r\n\t\t<\/a>\r\n\t\t\t\t<div class=\"elementor-post__text\">\r\n\t\t\t\t<h3 class=\"elementor-post__title\">\r\n\t\t\t<a href=\"https:\/\/blog.digitalprofiles.net\/en\/consultoria-de-transformacion-digital-como-convertir-la-tecnologia-en-una-ventaja-competitiva-real\/\" >\r\n\t\t\t\tConsultor\u00eda de transformaci\u00f3n digital: c\u00f3mo convertir la tecnolog\u00eda en una ventaja competitiva real\t\t\t<\/a>\r\n\t\t<\/h3>\r\n\t\t\t\t<div class=\"elementor-post__meta-data\">\r\n\t\t\t\t\t<span class=\"elementor-post-date\">\r\n\t\t\tFebruary 26, 2026\t\t<\/span>\r\n\t\t\t\t<\/div>\r\n\t\t\t\t<div class=\"elementor-post__excerpt\">\r\n\t\t\t<p>Consultor\u00eda de transformaci\u00f3n digital orientada a resultados y negocio En un contexto empresarial marcado por la velocidad del cambio, la digitalizaci\u00f3n ya no es una<\/p>\n\t\t<\/div>\r\n\t\t\r\n\t\t<a class=\"elementor-post__read-more\" href=\"https:\/\/blog.digitalprofiles.net\/en\/consultoria-de-transformacion-digital-como-convertir-la-tecnologia-en-una-ventaja-competitiva-real\/\" aria-label=\"Read more about Consultor\u00eda de transformaci\u00f3n digital: c\u00f3mo convertir la tecnolog\u00eda en una ventaja competitiva real\" tabindex=\"-1\" >\r\n\t\t\tRead more &quot;\t\t<\/a>\r\n\r\n\t\t\t\t<\/div>\r\n\t\t\t\t<\/article>\r\n\t\t\t\t<article class=\"elementor-post elementor-grid-item post-513 post type-post status-publish format-standard has-post-thumbnail hentry category-productos-digitales tag-productos-digitales\" role=\"listitem\">\r\n\t\t\t\t<a class=\"elementor-post__thumbnail__link\" href=\"https:\/\/blog.digitalprofiles.net\/en\/productos-digitales-la-clave-para-escalar-negocios-en-la-economia-actual\/\" tabindex=\"-1\" >\r\n\t\t\t<div class=\"elementor-post__thumbnail\"><img loading=\"lazy\" decoding=\"async\" width=\"2000\" height=\"1414\" src=\"https:\/\/blog.digitalprofiles.net\/wp-content\/uploads\/2026\/01\/productos-digitales.jpg\" class=\"attachment-full size-full wp-image-517\" alt=\"\" srcset=\"https:\/\/blog.digitalprofiles.net\/wp-content\/uploads\/2026\/01\/productos-digitales.jpg 2000w, https:\/\/blog.digitalprofiles.net\/wp-content\/uploads\/2026\/01\/productos-digitales-300x212.jpg 300w, https:\/\/blog.digitalprofiles.net\/wp-content\/uploads\/2026\/01\/productos-digitales-1024x724.jpg 1024w, https:\/\/blog.digitalprofiles.net\/wp-content\/uploads\/2026\/01\/productos-digitales-768x543.jpg 768w, https:\/\/blog.digitalprofiles.net\/wp-content\/uploads\/2026\/01\/productos-digitales-1536x1086.jpg 1536w, https:\/\/blog.digitalprofiles.net\/wp-content\/uploads\/2026\/01\/productos-digitales-18x12.jpg 18w\" sizes=\"(max-width: 2000px) 100vw, 2000px\" \/><\/div>\r\n\t\t<\/a>\r\n\t\t\t\t<div class=\"elementor-post__text\">\r\n\t\t\t\t<h3 class=\"elementor-post__title\">\r\n\t\t\t<a href=\"https:\/\/blog.digitalprofiles.net\/en\/productos-digitales-la-clave-para-escalar-negocios-en-la-economia-actual\/\" >\r\n\t\t\t\tProductos digitales: la clave para escalar negocios en la econom\u00eda actual\t\t\t<\/a>\r\n\t\t<\/h3>\r\n\t\t\t\t<div class=\"elementor-post__meta-data\">\r\n\t\t\t\t\t<span class=\"elementor-post-date\">\r\n\t\t\tJanuary 29, 2026\t\t<\/span>\r\n\t\t\t\t<\/div>\r\n\t\t\t\t<div class=\"elementor-post__excerpt\">\r\n\t\t\t<p>Productos digitales dise\u00f1ados para resolver problemas reales En los \u00faltimos a\u00f1os, los productos digitales se han convertido en uno de los principales motores de crecimiento<\/p>\n\t\t<\/div>\r\n\t\t\r\n\t\t<a class=\"elementor-post__read-more\" href=\"https:\/\/blog.digitalprofiles.net\/en\/productos-digitales-la-clave-para-escalar-negocios-en-la-economia-actual\/\" aria-label=\"Read more about Productos digitales: la clave para escalar negocios en la econom\u00eda actual\" tabindex=\"-1\" >\r\n\t\t\tRead more &quot;\t\t<\/a>\r\n\r\n\t\t\t\t<\/div>\r\n\t\t\t\t<\/article>\r\n\t\t\t\t<article class=\"elementor-post elementor-grid-item post-469 post type-post status-publish format-standard has-post-thumbnail hentry category-transformacion-digital-de-empresas tag-transformacion-digital-de-empresas\" role=\"listitem\">\r\n\t\t\t\t<a class=\"elementor-post__thumbnail__link\" href=\"https:\/\/blog.digitalprofiles.net\/en\/transformacion-digital-de-empresas-impulsa-la-innovacion-y-el-crecimiento\/\" tabindex=\"-1\" >\r\n\t\t\t<div class=\"elementor-post__thumbnail\"><img loading=\"lazy\" decoding=\"async\" width=\"2000\" height=\"1414\" src=\"https:\/\/blog.digitalprofiles.net\/wp-content\/uploads\/2026\/01\/transformacion-digital-de-empresas.jpg\" class=\"attachment-full size-full wp-image-472\" alt=\"\" srcset=\"https:\/\/blog.digitalprofiles.net\/wp-content\/uploads\/2026\/01\/transformacion-digital-de-empresas.jpg 2000w, https:\/\/blog.digitalprofiles.net\/wp-content\/uploads\/2026\/01\/transformacion-digital-de-empresas-300x212.jpg 300w, https:\/\/blog.digitalprofiles.net\/wp-content\/uploads\/2026\/01\/transformacion-digital-de-empresas-1024x724.jpg 1024w, https:\/\/blog.digitalprofiles.net\/wp-content\/uploads\/2026\/01\/transformacion-digital-de-empresas-768x543.jpg 768w, https:\/\/blog.digitalprofiles.net\/wp-content\/uploads\/2026\/01\/transformacion-digital-de-empresas-1536x1086.jpg 1536w, https:\/\/blog.digitalprofiles.net\/wp-content\/uploads\/2026\/01\/transformacion-digital-de-empresas-18x12.jpg 18w\" sizes=\"(max-width: 2000px) 100vw, 2000px\" \/><\/div>\r\n\t\t<\/a>\r\n\t\t\t\t<div class=\"elementor-post__text\">\r\n\t\t\t\t<h3 class=\"elementor-post__title\">\r\n\t\t\t<a href=\"https:\/\/blog.digitalprofiles.net\/en\/transformacion-digital-de-empresas-impulsa-la-innovacion-y-el-crecimiento\/\" >\r\n\t\t\t\tDigital transformation of companies: driving innovation and growth\t\t\t<\/a>\r\n\t\t<\/h3>\r\n\t\t\t\t<div class=\"elementor-post__meta-data\">\r\n\t\t\t\t\t<span class=\"elementor-post-date\">\r\n\t\t\tJanuary 7, 2026\t\t<\/span>\r\n\t\t\t\t<\/div>\r\n\t\t\t\t<div class=\"elementor-post__excerpt\">\r\n\t\t\t<p>Digital transformation of companies: a comprehensive and strategic process. The digital transformation of companies has become a determining factor to guarantee competitiveness.<\/p>\n\t\t<\/div>\r\n\t\t\r\n\t\t<a class=\"elementor-post__read-more\" href=\"https:\/\/blog.digitalprofiles.net\/en\/transformacion-digital-de-empresas-impulsa-la-innovacion-y-el-crecimiento\/\" aria-label=\"Read more about Transformaci\u00f3n digital de empresas: impulsa la innovaci\u00f3n y el crecimiento\" tabindex=\"-1\" >\r\n\t\t\tRead more &quot;\t\t<\/a>\r\n\r\n\t\t\t\t<\/div>\r\n\t\t\t\t<\/article>\r\n\t\t\t\t<\/div>\r\n\t\t\r\n\t\t\t\t<div class=\"e-load-more-anchor\" data-page=\"1\" data-max-page=\"4\" data-next-page=\"https:\/\/blog.digitalprofiles.net\/en\/wp-json\/wp\/v2\/pages\/74\/page\/2\/\"><\/div>\r\n\t\t\t\t<nav class=\"elementor-pagination\" aria-label=\"Pagination\">\r\n\t\t\t<span aria-current=\"page\" class=\"page-numbers current\"><span class=\"elementor-screen-only\">Page<\/span>1<\/span>\n<a class=\"page-numbers\" href=\"https:\/\/blog.digitalprofiles.net\/en\/wp-json\/wp\/v2\/pages\/74\/page\/2\/\"><span class=\"elementor-screen-only\">Page<\/span>2<\/a>\n<a class=\"page-numbers\" href=\"https:\/\/blog.digitalprofiles.net\/en\/wp-json\/wp\/v2\/pages\/74\/page\/3\/\"><span class=\"elementor-screen-only\">Page<\/span>3<\/a>\n<a class=\"page-numbers\" href=\"https:\/\/blog.digitalprofiles.net\/en\/wp-json\/wp\/v2\/pages\/74\/page\/4\/\"><span class=\"elementor-screen-only\">Page<\/span>4<\/a>\t\t<\/nav>\r\n\t\t\t\t\t\t<\/div>\n\t\t\t\t<\/div>\n\t\t\t\t\t<\/div>\n\t\t\t\t<\/div>\n\t\t\t\t<\/div>","protected":false},"excerpt":{"rendered":"","protected":false},"author":1,"featured_media":0,"parent":0,"menu_order":0,"comment_status":"closed","ping_status":"closed","template":"","meta":{"footnotes":""},"class_list":["post-74","page","type-page","status-publish","hentry"],"yoast_head":"<!-- This site is optimized with the Yoast SEO plugin v26.4 - https:\/\/yoast.com\/wordpress\/plugins\/seo\/ -->\n<title>Blog Digital Profiles - Talento, IA y Estrategia para Impulsar la Innovaci\u00f3n Digital<\/title>\n<meta name=\"description\" content=\"Descubre c\u00f3mo transformar ideas en soluciones digitales con IA, design thinking y estrategias de producto. El blog para l\u00edderes de la era digital.\" \/>\n<meta name=\"robots\" content=\"index, follow, max-snippet:-1, max-image-preview:large, max-video-preview:-1\" \/>\n<link rel=\"canonical\" href=\"https:\/\/blog.digitalprofiles.net\/en\/\" \/>\n<meta property=\"og:locale\" content=\"en_GB\" \/>\n<meta property=\"og:type\" content=\"article\" \/>\n<meta property=\"og:title\" content=\"Blog Digital Profiles - Talento, IA y Estrategia para Impulsar la Innovaci\u00f3n Digital\" \/>\n<meta property=\"og:description\" content=\"Descubre c\u00f3mo transformar ideas en soluciones digitales con IA, design thinking y estrategias de producto. El blog para l\u00edderes de la era digital.\" \/>\n<meta property=\"og:url\" content=\"https:\/\/blog.digitalprofiles.net\/en\/\" \/>\n<meta property=\"og:site_name\" content=\"Blog Digital Profiles\" \/>\n<meta property=\"article:modified_time\" content=\"2025-07-04T10:19:22+00:00\" \/>\n<meta name=\"twitter:card\" content=\"summary_large_image\" \/>\n<meta name=\"twitter:label1\" content=\"Estimated reading time\" \/>\n\t<meta name=\"twitter:data1\" content=\"1 minute\" \/>\n<script type=\"application\/ld+json\" class=\"yoast-schema-graph\">{\"@context\":\"https:\/\/schema.org\",\"@graph\":[{\"@type\":\"WebPage\",\"@id\":\"https:\/\/blog.digitalprofiles.net\/\",\"url\":\"https:\/\/blog.digitalprofiles.net\/\",\"name\":\"Blog Digital Profiles - Talento, IA y Estrategia para Impulsar la Innovaci\u00f3n Digital\",\"isPartOf\":{\"@id\":\"https:\/\/blog.digitalprofiles.net\/#website\"},\"datePublished\":\"2025-07-04T10:06:43+00:00\",\"dateModified\":\"2025-07-04T10:19:22+00:00\",\"description\":\"Descubre c\u00f3mo transformar ideas en soluciones digitales con IA, design thinking y estrategias de producto. El blog para l\u00edderes de la era digital.\",\"breadcrumb\":{\"@id\":\"https:\/\/blog.digitalprofiles.net\/#breadcrumb\"},\"inLanguage\":\"en-GB\",\"potentialAction\":[{\"@type\":\"ReadAction\",\"target\":[\"https:\/\/blog.digitalprofiles.net\/\"]}]},{\"@type\":\"BreadcrumbList\",\"@id\":\"https:\/\/blog.digitalprofiles.net\/#breadcrumb\",\"itemListElement\":[{\"@type\":\"ListItem\",\"position\":1,\"name\":\"Home\",\"item\":\"https:\/\/blog.digitalprofiles.net\/\"},{\"@type\":\"ListItem\",\"position\":2,\"name\":\"Blog\"}]},{\"@type\":\"WebSite\",\"@id\":\"https:\/\/blog.digitalprofiles.net\/#website\",\"url\":\"https:\/\/blog.digitalprofiles.net\/\",\"name\":\"Blog Digital Profiles\",\"description\":\"\",\"publisher\":{\"@id\":\"https:\/\/blog.digitalprofiles.net\/#organization\"},\"potentialAction\":[{\"@type\":\"SearchAction\",\"target\":{\"@type\":\"EntryPoint\",\"urlTemplate\":\"https:\/\/blog.digitalprofiles.net\/?s={search_term_string}\"},\"query-input\":{\"@type\":\"PropertyValueSpecification\",\"valueRequired\":true,\"valueName\":\"search_term_string\"}}],\"inLanguage\":\"en-GB\"},{\"@type\":\"Organization\",\"@id\":\"https:\/\/blog.digitalprofiles.net\/#organization\",\"name\":\"Blog Digital Profiles\",\"url\":\"https:\/\/blog.digitalprofiles.net\/\",\"logo\":{\"@type\":\"ImageObject\",\"inLanguage\":\"en-GB\",\"@id\":\"https:\/\/blog.digitalprofiles.net\/#\/schema\/logo\/image\/\",\"url\":\"https:\/\/blog.digitalprofiles.net\/wp-content\/uploads\/2025\/07\/Digital-Profiles-Logo-Final.jpeg\",\"contentUrl\":\"https:\/\/blog.digitalprofiles.net\/wp-content\/uploads\/2025\/07\/Digital-Profiles-Logo-Final.jpeg\",\"width\":757,\"height\":187,\"caption\":\"Blog Digital Profiles\"},\"image\":{\"@id\":\"https:\/\/blog.digitalprofiles.net\/#\/schema\/logo\/image\/\"}}]}<\/script>\n<!-- \/ Yoast SEO plugin. -->","yoast_head_json":{"title":"Blog Digital Profiles - Talento, IA y Estrategia para Impulsar la Innovaci\u00f3n Digital","description":"Descubre c\u00f3mo transformar ideas en soluciones digitales con IA, design thinking y estrategias de producto. El blog para l\u00edderes de la era digital.","robots":{"index":"index","follow":"follow","max-snippet":"max-snippet:-1","max-image-preview":"max-image-preview:large","max-video-preview":"max-video-preview:-1"},"canonical":"https:\/\/blog.digitalprofiles.net\/en\/","og_locale":"en_GB","og_type":"article","og_title":"Blog Digital Profiles - Talento, IA y Estrategia para Impulsar la Innovaci\u00f3n Digital","og_description":"Descubre c\u00f3mo transformar ideas en soluciones digitales con IA, design thinking y estrategias de producto. El blog para l\u00edderes de la era digital.","og_url":"https:\/\/blog.digitalprofiles.net\/en\/","og_site_name":"Blog Digital Profiles","article_modified_time":"2025-07-04T10:19:22+00:00","twitter_card":"summary_large_image","twitter_misc":{"Estimated reading time":"1 minute"},"schema":{"@context":"https:\/\/schema.org","@graph":[{"@type":"WebPage","@id":"https:\/\/blog.digitalprofiles.net\/","url":"https:\/\/blog.digitalprofiles.net\/","name":"Blog Digital Profiles - Talento, IA y Estrategia para Impulsar la Innovaci\u00f3n Digital","isPartOf":{"@id":"https:\/\/blog.digitalprofiles.net\/#website"},"datePublished":"2025-07-04T10:06:43+00:00","dateModified":"2025-07-04T10:19:22+00:00","description":"Descubre c\u00f3mo transformar ideas en soluciones digitales con IA, design thinking y estrategias de producto. El blog para l\u00edderes de la era digital.","breadcrumb":{"@id":"https:\/\/blog.digitalprofiles.net\/#breadcrumb"},"inLanguage":"en-GB","potentialAction":[{"@type":"ReadAction","target":["https:\/\/blog.digitalprofiles.net\/"]}]},{"@type":"BreadcrumbList","@id":"https:\/\/blog.digitalprofiles.net\/#breadcrumb","itemListElement":[{"@type":"ListItem","position":1,"name":"Home","item":"https:\/\/blog.digitalprofiles.net\/"},{"@type":"ListItem","position":2,"name":"Blog"}]},{"@type":"WebSite","@id":"https:\/\/blog.digitalprofiles.net\/#website","url":"https:\/\/blog.digitalprofiles.net\/","name":"Blog Digital Profiles","description":"","publisher":{"@id":"https:\/\/blog.digitalprofiles.net\/#organization"},"potentialAction":[{"@type":"SearchAction","target":{"@type":"EntryPoint","urlTemplate":"https:\/\/blog.digitalprofiles.net\/?s={search_term_string}"},"query-input":{"@type":"PropertyValueSpecification","valueRequired":true,"valueName":"search_term_string"}}],"inLanguage":"en-GB"},{"@type":"Organization","@id":"https:\/\/blog.digitalprofiles.net\/#organization","name":"Blog Digital Profiles","url":"https:\/\/blog.digitalprofiles.net\/","logo":{"@type":"ImageObject","inLanguage":"en-GB","@id":"https:\/\/blog.digitalprofiles.net\/#\/schema\/logo\/image\/","url":"https:\/\/blog.digitalprofiles.net\/wp-content\/uploads\/2025\/07\/Digital-Profiles-Logo-Final.jpeg","contentUrl":"https:\/\/blog.digitalprofiles.net\/wp-content\/uploads\/2025\/07\/Digital-Profiles-Logo-Final.jpeg","width":757,"height":187,"caption":"Blog Digital Profiles"},"image":{"@id":"https:\/\/blog.digitalprofiles.net\/#\/schema\/logo\/image\/"}}]}},"_links":{"self":[{"href":"https:\/\/blog.digitalprofiles.net\/en\/wp-json\/wp\/v2\/pages\/74","targetHints":{"allow":["GET"]}}],"collection":[{"href":"https:\/\/blog.digitalprofiles.net\/en\/wp-json\/wp\/v2\/pages"}],"about":[{"href":"https:\/\/blog.digitalprofiles.net\/en\/wp-json\/wp\/v2\/types\/page"}],"author":[{"embeddable":true,"href":"https:\/\/blog.digitalprofiles.net\/en\/wp-json\/wp\/v2\/users\/1"}],"replies":[{"embeddable":true,"href":"https:\/\/blog.digitalprofiles.net\/en\/wp-json\/wp\/v2\/comments?post=74"}],"version-history":[{"count":19,"href":"https:\/\/blog.digitalprofiles.net\/en\/wp-json\/wp\/v2\/pages\/74\/revisions"}],"predecessor-version":[{"id":98,"href":"https:\/\/blog.digitalprofiles.net\/en\/wp-json\/wp\/v2\/pages\/74\/revisions\/98"}],"wp:attachment":[{"href":"https:\/\/blog.digitalprofiles.net\/en\/wp-json\/wp\/v2\/media?parent=74"}],"curies":[{"name":"wp","href":"https:\/\/api.w.org\/{rel}","templated":true}]}}