{"id":319,"date":"2025-10-30T23:00:14","date_gmt":"2025-10-30T22:00:14","guid":{"rendered":"https:\/\/blog.digitalprofiles.net\/?page_id=319"},"modified":"2025-10-30T23:06:54","modified_gmt":"2025-10-30T22:06:54","slug":"transformacion-digital-de-empresas","status":"publish","type":"page","link":"https:\/\/blog.digitalprofiles.net\/en\/transformacion-digital-de-empresas\/","title":{"rendered":"Digital Transformation of Companies"},"content":{"rendered":"<div data-elementor-type=\"wp-page\" data-elementor-id=\"319\" class=\"elementor elementor-319\" data-elementor-post-type=\"page\">\n\t\t\t\t<div class=\"elementor-element elementor-element-e387f76 e-flex e-con-boxed e-con e-parent\" data-id=\"e387f76\" data-element_type=\"container\">\n\t\t\t\t\t<div class=\"e-con-inner\">\n\t\t<div class=\"elementor-element elementor-element-e7894b8 e-con-full e-flex e-con e-child\" data-id=\"e7894b8\" data-element_type=\"container\">\n\t\t\t\t<div class=\"elementor-element elementor-element-aac1d77 elementor-widget elementor-widget-text-editor\" data-id=\"aac1d77\" data-element_type=\"widget\" data-widget_type=\"text-editor.default\">\n\t\t\t\t<div class=\"elementor-widget-container\">\n\t\t\t\t\t\t\t\t\t<h3 data-start=\"372\" data-end=\"445\"><strong data-start=\"376\" data-end=\"445\">Digital Transformation of Companies: The Engine of Competitiveness<\/strong><\/h3><p data-start=\"446\" data-end=\"880\">The <strong data-start=\"449\" data-end=\"487\">digital transformation of companies<\/strong> It has become a decisive factor for survival and growth in today&#039;s market. Adapting processes, technology, and organizational culture is not an option: it&#039;s a necessity. Companies that implement a solid strategy of <strong data-start=\"725\" data-end=\"763\">digital transformation of companies<\/strong> They manage to optimize resources, improve operational efficiency, and offer more satisfying experiences to their customers.<\/p><p data-start=\"882\" data-end=\"1195\">Digital Profile positions itself as a strategic partner for any organization that wants to lead this change. Our experience in projects of <strong data-start=\"1033\" data-end=\"1071\">digital transformation of companies<\/strong> It allows you to identify opportunities for improvement, automate processes, and apply technological solutions that provide real value.<\/p>\t\t\t\t\t\t\t\t<\/div>\n\t\t\t\t<\/div>\n\t\t\t\t<\/div>\n\t\t<div class=\"elementor-element elementor-element-6b6f64d e-con-full e-flex e-con e-child\" data-id=\"6b6f64d\" data-element_type=\"container\">\n\t\t\t\t<div class=\"elementor-element elementor-element-4ec8524 elementor-widget elementor-widget-image\" data-id=\"4ec8524\" data-element_type=\"widget\" data-widget_type=\"image.default\">\n\t\t\t\t<div class=\"elementor-widget-container\">\n\t\t\t\t\t\t\t\t\t\t\t\t\t\t\t<img fetchpriority=\"high\" decoding=\"async\" width=\"800\" height=\"566\" src=\"https:\/\/blog.digitalprofiles.net\/wp-content\/uploads\/2025\/07\/Desarrollo-de-productos-digitales-1024x724.jpg\" class=\"attachment-large size-large wp-image-106\" alt=\"\" srcset=\"https:\/\/blog.digitalprofiles.net\/wp-content\/uploads\/2025\/07\/Desarrollo-de-productos-digitales-1024x724.jpg 1024w, https:\/\/blog.digitalprofiles.net\/wp-content\/uploads\/2025\/07\/Desarrollo-de-productos-digitales-300x212.jpg 300w, https:\/\/blog.digitalprofiles.net\/wp-content\/uploads\/2025\/07\/Desarrollo-de-productos-digitales-768x543.jpg 768w, https:\/\/blog.digitalprofiles.net\/wp-content\/uploads\/2025\/07\/Desarrollo-de-productos-digitales-1536x1086.jpg 1536w, https:\/\/blog.digitalprofiles.net\/wp-content\/uploads\/2025\/07\/Desarrollo-de-productos-digitales-18x12.jpg 18w, https:\/\/blog.digitalprofiles.net\/wp-content\/uploads\/2025\/07\/Desarrollo-de-productos-digitales.jpg 2000w\" sizes=\"(max-width: 800px) 100vw, 800px\" \/>\t\t\t\t\t\t\t\t\t\t\t\t\t\t\t<\/div>\n\t\t\t\t<\/div>\n\t\t\t\t<\/div>\n\t\t\t\t\t<\/div>\n\t\t\t\t<\/div>\n\t\t<div class=\"elementor-element elementor-element-f0ac22f e-flex e-con-boxed e-con e-parent\" data-id=\"f0ac22f\" data-element_type=\"container\">\n\t\t\t\t\t<div class=\"e-con-inner\">\n\t\t<div class=\"elementor-element elementor-element-d563609 e-con-full e-flex e-con e-child\" data-id=\"d563609\" data-element_type=\"container\">\n\t\t\t\t<div class=\"elementor-element elementor-element-b32550c elementor-widget elementor-widget-image\" data-id=\"b32550c\" data-element_type=\"widget\" data-widget_type=\"image.default\">\n\t\t\t\t<div class=\"elementor-widget-container\">\n\t\t\t\t\t\t\t\t\t\t\t\t\t\t\t<img decoding=\"async\" width=\"800\" height=\"566\" src=\"https:\/\/blog.digitalprofiles.net\/wp-content\/uploads\/2025\/09\/agencia-de-empleo-1024x724.jpg\" class=\"attachment-large size-large wp-image-227\" alt=\"\" srcset=\"https:\/\/blog.digitalprofiles.net\/wp-content\/uploads\/2025\/09\/agencia-de-empleo-1024x724.jpg 1024w, https:\/\/blog.digitalprofiles.net\/wp-content\/uploads\/2025\/09\/agencia-de-empleo-300x212.jpg 300w, https:\/\/blog.digitalprofiles.net\/wp-content\/uploads\/2025\/09\/agencia-de-empleo-768x543.jpg 768w, https:\/\/blog.digitalprofiles.net\/wp-content\/uploads\/2025\/09\/agencia-de-empleo-1536x1086.jpg 1536w, https:\/\/blog.digitalprofiles.net\/wp-content\/uploads\/2025\/09\/agencia-de-empleo-18x12.jpg 18w, https:\/\/blog.digitalprofiles.net\/wp-content\/uploads\/2025\/09\/agencia-de-empleo.jpg 2000w\" sizes=\"(max-width: 800px) 100vw, 800px\" \/>\t\t\t\t\t\t\t\t\t\t\t\t\t\t\t<\/div>\n\t\t\t\t<\/div>\n\t\t\t\t<\/div>\n\t\t<div class=\"elementor-element elementor-element-c4b7b1c e-con-full e-flex e-con e-child\" data-id=\"c4b7b1c\" data-element_type=\"container\">\n\t\t\t\t<div class=\"elementor-element elementor-element-602b4df elementor-widget elementor-widget-text-editor\" data-id=\"602b4df\" data-element_type=\"widget\" data-widget_type=\"text-editor.default\">\n\t\t\t\t<div class=\"elementor-widget-container\">\n\t\t\t\t\t\t\t\t\t<h3 data-start=\"1197\" data-end=\"1281\"><strong data-start=\"1201\" data-end=\"1281\">Digital Transformation of Companies: How Digital Profile Makes a Difference<\/strong><\/h3><p data-start=\"1282\" data-end=\"1497\">Not all consulting firms offer a comprehensive approach to <strong data-start=\"1338\" data-end=\"1376\">digital transformation of companies<\/strong>. At Digital Profile, our process combines strategic analysis, advanced technology, and personalized support:<\/p><ul data-start=\"1499\" data-end=\"2024\"><li data-start=\"1499\" data-end=\"1619\"><p data-start=\"1501\" data-end=\"1619\"><strong data-start=\"1501\" data-end=\"1525\">Complete diagnosis<\/strong>We evaluate the company&#039;s processes, systems, and culture to identify areas for improvement.<\/p><\/li><li data-start=\"1620\" data-end=\"1750\"><p data-start=\"1622\" data-end=\"1750\"><strong data-start=\"1622\" data-end=\"1658\">Personalized digital strategy<\/strong>We design an action plan tailored to the objectives and needs of each organization.<\/p><\/li><li data-start=\"1751\" data-end=\"1882\"><p data-start=\"1753\" data-end=\"1882\"><strong data-start=\"1753\" data-end=\"1783\">Technological implementation<\/strong>We apply innovative solutions, from automation to data analysis tools.<\/p><\/li><li data-start=\"1883\" data-end=\"2024\"><p data-start=\"1885\" data-end=\"2024\"><strong data-start=\"1885\" data-end=\"1918\">Training and support<\/strong>We ensure that internal teams can adapt and make the most of the digital transformation.<\/p><\/li><\/ul><p data-start=\"2026\" data-end=\"2218\">This approach ensures that the <strong data-start=\"2056\" data-end=\"2094\">digital transformation of companies<\/strong> It should not be just a technological change, but a comprehensive evolution that enhances the competitiveness and sustainability of the business.<\/p>\t\t\t\t\t\t\t\t<\/div>\n\t\t\t\t<\/div>\n\t\t\t\t<\/div>\n\t\t\t\t\t<\/div>\n\t\t\t\t<\/div>\n\t\t<div class=\"elementor-element elementor-element-5832849 e-flex e-con-boxed e-con e-parent\" data-id=\"5832849\" data-element_type=\"container\">\n\t\t\t\t\t<div class=\"e-con-inner\">\n\t\t\t\t<div class=\"elementor-element elementor-element-41a41a1 elementor-widget elementor-widget-text-editor\" data-id=\"41a41a1\" data-element_type=\"widget\" data-widget_type=\"text-editor.default\">\n\t\t\t\t<div class=\"elementor-widget-container\">\n\t\t\t\t\t\t\t\t\t<h3 data-start=\"2220\" data-end=\"2298\"><strong data-start=\"2224\" data-end=\"2298\">Digital Transformation of Companies: Advantages of Choosing Digital Profile<\/strong><\/h3><p data-start=\"2299\" data-end=\"2425\">Selecting Digital Profile to lead the <strong data-start=\"2345\" data-end=\"2383\">digital transformation of companies<\/strong> It offers tangible and measurable benefits:<\/p><ul data-start=\"2427\" data-end=\"2869\"><li data-start=\"2427\" data-end=\"2531\"><p data-start=\"2429\" data-end=\"2531\"><strong data-start=\"2429\" data-end=\"2466\">Improving operational efficiency<\/strong>: reduction of time and costs thanks to optimized processes.<\/p><\/li><li data-start=\"2532\" data-end=\"2647\"><p data-start=\"2534\" data-end=\"2647\"><strong data-start=\"2534\" data-end=\"2572\">Data-driven decision making<\/strong>Reliable information and advanced analysis for strategic decisions.<\/p><\/li><li data-start=\"2648\" data-end=\"2743\"><p data-start=\"2650\" data-end=\"2743\"><strong data-start=\"2650\" data-end=\"2674\">Constant innovation<\/strong>: adoption of technologies that anticipate market trends.<\/p><\/li><li data-start=\"2744\" data-end=\"2869\"><p data-start=\"2746\" data-end=\"2869\"><strong data-start=\"2746\" data-end=\"2779\">Adaptability and scalability<\/strong>: preparing the company to face future changes and grow sustainably.<\/p><\/li><\/ul><p data-start=\"2871\" data-end=\"3073\">With Digital Profile, the <strong data-start=\"2895\" data-end=\"2933\">digital transformation of companies<\/strong> It becomes a strategic investment that drives innovation, competitiveness and adaptability in a dynamic market.<\/p>\t\t\t\t\t\t\t\t<\/div>\n\t\t\t\t<\/div>\n\t\t\t\t\t<\/div>\n\t\t\t\t<\/div>\n\t\t<div class=\"elementor-element elementor-element-d780169 e-flex e-con-boxed e-con e-parent\" data-id=\"d780169\" data-element_type=\"container\">\n\t\t\t\t\t<div class=\"e-con-inner\">\n\t\t\t\t<div class=\"elementor-element elementor-element-c235c3d elementor-widget elementor-widget-heading\" data-id=\"c235c3d\" data-element_type=\"widget\" data-widget_type=\"heading.default\">\n\t\t\t\t<div class=\"elementor-widget-container\">\n\t\t\t\t\t<h2 class=\"elementor-heading-title elementor-size-default\">Contact us<\/h2>\t\t\t\t<\/div>\n\t\t\t\t<\/div>\n\t\t\t\t\t<\/div>\n\t\t\t\t<\/div>\n\t\t<div class=\"elementor-element elementor-element-79bb1de e-flex e-con-boxed e-con e-parent\" data-id=\"79bb1de\" data-element_type=\"container\">\n\t\t\t\t\t<div class=\"e-con-inner\">\n\t\t<div class=\"elementor-element elementor-element-9eaef15 e-con-full e-flex e-con e-child\" data-id=\"9eaef15\" data-element_type=\"container\">\n\t\t\t\t<div class=\"elementor-element elementor-element-aaf66f8 elementor-button-align-stretch elementor-widget elementor-widget-form\" data-id=\"aaf66f8\" data-element_type=\"widget\" data-settings=\"{&quot;step_next_label&quot;:&quot;Next&quot;,&quot;step_previous_label&quot;:&quot;Previous&quot;,&quot;button_width&quot;:&quot;100&quot;,&quot;step_type&quot;:&quot;number_text&quot;,&quot;step_icon_shape&quot;:&quot;circle&quot;}\" data-widget_type=\"form.default\">\n\t\t\t\t<div class=\"elementor-widget-container\">\n\t\t\t\t\t\t\t<form class=\"elementor-form\" method=\"post\" name=\"New Form\" aria-label=\"New Form\" action=\"\">\r\n\t\t\t<input type=\"hidden\" name=\"post_id\" value=\"319\"\/>\r\n\t\t\t<input type=\"hidden\" name=\"form_id\" value=\"aaf66f8\"\/>\r\n\t\t\t<input type=\"hidden\" name=\"referer_title\" value=\"Transformaci\u00f3n Digital de Empresas - Blog Digital Profiles\" \/>\r\n\r\n\t\t\t\t\t\t\t<input type=\"hidden\" name=\"queried_id\" value=\"319\"\/>\r\n\t\t\t\r\n\t\t\t<div class=\"elementor-form-fields-wrapper elementor-labels-above\">\r\n\t\t\t\t\t\t\t\t<div class=\"elementor-field-type-text elementor-field-group elementor-column elementor-field-group-Nombre elementor-col-100\">\r\n\t\t\t\t\t\t\t\t\t\t\t\t<label for=\"form-field-Nombre\" class=\"elementor-field-label\">\r\n\t\t\t\t\t\t\t\tName \t\t\t\t\t\t\t<\/label>\r\n\t\t\t\t\t\t\t\t\t\t\t\t\t\t<input size=\"1\" type=\"text\" name=\"form_fields[Nombre]\" id=\"form-field-Nombre\" class=\"elementor-field elementor-size-sm  elementor-field-textual\" placeholder=\"Name \">\r\n\t\t\t\t\t\t\t\t\t\t\t<\/div>\r\n\t\t\t\t\t\t\t\t<div class=\"elementor-field-type-email elementor-field-group elementor-column elementor-field-group-email elementor-col-100 elementor-field-required\">\r\n\t\t\t\t\t\t\t\t\t\t\t\t<label for=\"form-field-email\" class=\"elementor-field-label\">\r\n\t\t\t\t\t\t\t\tE-mail\t\t\t\t\t\t\t<\/label>\r\n\t\t\t\t\t\t\t\t\t\t\t\t\t\t<input size=\"1\" type=\"email\" name=\"form_fields[email]\" id=\"form-field-email\" class=\"elementor-field elementor-size-sm  elementor-field-textual\" placeholder=\"E-mail\" required=\"required\">\r\n\t\t\t\t\t\t\t\t\t\t\t<\/div>\r\n\t\t\t\t\t\t\t\t<div class=\"elementor-field-type-textarea elementor-field-group elementor-column elementor-field-group-message elementor-col-100\">\r\n\t\t\t\t\t\t\t\t\t\t\t\t<label for=\"form-field-message\" class=\"elementor-field-label\">\r\n\t\t\t\t\t\t\t\tMessage\t\t\t\t\t\t\t<\/label>\r\n\t\t\t\t\t\t<textarea class=\"elementor-field-textual elementor-field  elementor-size-sm\" name=\"form_fields[message]\" id=\"form-field-message\" rows=\"4\" placeholder=\"Message\"><\/textarea>\t\t\t\t<\/div>\r\n\t\t\t\t\t\t\t\t<div class=\"elementor-field-group elementor-column elementor-field-type-submit elementor-col-100 e-form__buttons\">\r\n\t\t\t\t\t<button class=\"elementor-button elementor-size-sm\" type=\"submit\">\r\n\t\t\t\t\t\t<span class=\"elementor-button-content-wrapper\">\r\n\t\t\t\t\t\t\t\t\t\t\t\t\t\t\t\t\t\t\t\t\t\t<span class=\"elementor-button-text\">Send <\/span>\r\n\t\t\t\t\t\t\t\t\t\t\t\t\t<\/span>\r\n\t\t\t\t\t<\/button>\r\n\t\t\t\t<\/div>\r\n\t\t\t<\/div>\r\n\t\t<input type=\"hidden\" name=\"trp-form-language\" value=\"en\"\/><\/form>\r\n\t\t\t\t\t\t<\/div>\n\t\t\t\t<\/div>\n\t\t\t\t<\/div>\n\t\t\t\t\t<\/div>\n\t\t\t\t<\/div>\n\t\t\t\t<\/div>","protected":false},"excerpt":{"rendered":"<p>Transformaci\u00f3n Digital de Empresas: el motor de la competitividad La transformaci\u00f3n digital de empresas se ha convertido en un factor decisivo para la supervivencia y crecimiento en el mercado actual. Adaptar procesos, tecnolog\u00eda y cultura organizacional no es una opci\u00f3n: es una necesidad. Empresas que implementan una estrategia s\u00f3lida de transformaci\u00f3n digital de empresas logran [&hellip;]<\/p>","protected":false},"author":1,"featured_media":0,"parent":0,"menu_order":0,"comment_status":"closed","ping_status":"closed","template":"","meta":{"footnotes":""},"class_list":["post-319","page","type-page","status-publish","hentry"],"yoast_head":"<!-- This site is optimized with the Yoast SEO plugin v26.4 - https:\/\/yoast.com\/wordpress\/plugins\/seo\/ -->\n<title>Transformaci\u00f3n Digital de Empresas - Blog Digital Profiles<\/title>\n<meta name=\"robots\" content=\"index, follow, max-snippet:-1, max-image-preview:large, max-video-preview:-1\" \/>\n<link rel=\"canonical\" href=\"https:\/\/blog.digitalprofiles.net\/en\/transformacion-digital-de-empresas\/\" \/>\n<meta property=\"og:locale\" content=\"en_GB\" \/>\n<meta property=\"og:type\" content=\"article\" \/>\n<meta property=\"og:title\" content=\"Transformaci\u00f3n Digital de Empresas - Blog Digital Profiles\" \/>\n<meta property=\"og:description\" content=\"Transformaci\u00f3n Digital de Empresas: el motor de la competitividad La transformaci\u00f3n digital de empresas se ha convertido en un factor decisivo para la supervivencia y crecimiento en el mercado actual. Adaptar procesos, tecnolog\u00eda y cultura organizacional no es una opci\u00f3n: es una necesidad. Empresas que implementan una estrategia s\u00f3lida de transformaci\u00f3n digital de empresas logran [&hellip;]\" \/>\n<meta property=\"og:url\" content=\"https:\/\/blog.digitalprofiles.net\/en\/transformacion-digital-de-empresas\/\" \/>\n<meta property=\"og:site_name\" content=\"Blog Digital Profiles\" \/>\n<meta property=\"article:modified_time\" content=\"2025-10-30T22:06:54+00:00\" \/>\n<meta property=\"og:image\" content=\"https:\/\/blog.digitalprofiles.net\/wp-content\/uploads\/2025\/07\/Desarrollo-de-productos-digitales.jpg\" \/>\n\t<meta property=\"og:image:width\" content=\"2000\" \/>\n\t<meta property=\"og:image:height\" content=\"1414\" \/>\n\t<meta property=\"og:image:type\" content=\"image\/jpeg\" \/>\n<meta name=\"twitter:card\" content=\"summary_large_image\" \/>\n<meta name=\"twitter:label1\" content=\"Estimated reading time\" \/>\n\t<meta name=\"twitter:data1\" content=\"3 minutes\" \/>\n<script type=\"application\/ld+json\" class=\"yoast-schema-graph\">{\"@context\":\"https:\/\/schema.org\",\"@graph\":[{\"@type\":\"WebPage\",\"@id\":\"https:\/\/blog.digitalprofiles.net\/transformacion-digital-de-empresas\/\",\"url\":\"https:\/\/blog.digitalprofiles.net\/transformacion-digital-de-empresas\/\",\"name\":\"Transformaci\u00f3n Digital de Empresas - Blog Digital Profiles\",\"isPartOf\":{\"@id\":\"https:\/\/blog.digitalprofiles.net\/#website\"},\"primaryImageOfPage\":{\"@id\":\"https:\/\/blog.digitalprofiles.net\/transformacion-digital-de-empresas\/#primaryimage\"},\"image\":{\"@id\":\"https:\/\/blog.digitalprofiles.net\/transformacion-digital-de-empresas\/#primaryimage\"},\"thumbnailUrl\":\"https:\/\/blog.digitalprofiles.net\/wp-content\/uploads\/2025\/07\/Desarrollo-de-productos-digitales-1024x724.jpg\",\"datePublished\":\"2025-10-30T22:00:14+00:00\",\"dateModified\":\"2025-10-30T22:06:54+00:00\",\"breadcrumb\":{\"@id\":\"https:\/\/blog.digitalprofiles.net\/transformacion-digital-de-empresas\/#breadcrumb\"},\"inLanguage\":\"en-GB\",\"potentialAction\":[{\"@type\":\"ReadAction\",\"target\":[\"https:\/\/blog.digitalprofiles.net\/transformacion-digital-de-empresas\/\"]}]},{\"@type\":\"ImageObject\",\"inLanguage\":\"en-GB\",\"@id\":\"https:\/\/blog.digitalprofiles.net\/transformacion-digital-de-empresas\/#primaryimage\",\"url\":\"https:\/\/blog.digitalprofiles.net\/wp-content\/uploads\/2025\/07\/Desarrollo-de-productos-digitales-1024x724.jpg\",\"contentUrl\":\"https:\/\/blog.digitalprofiles.net\/wp-content\/uploads\/2025\/07\/Desarrollo-de-productos-digitales-1024x724.jpg\"},{\"@type\":\"BreadcrumbList\",\"@id\":\"https:\/\/blog.digitalprofiles.net\/transformacion-digital-de-empresas\/#breadcrumb\",\"itemListElement\":[{\"@type\":\"ListItem\",\"position\":1,\"name\":\"Home\",\"item\":\"https:\/\/blog.digitalprofiles.net\/\"},{\"@type\":\"ListItem\",\"position\":2,\"name\":\"Transformaci\u00f3n Digital de Empresas\"}]},{\"@type\":\"WebSite\",\"@id\":\"https:\/\/blog.digitalprofiles.net\/#website\",\"url\":\"https:\/\/blog.digitalprofiles.net\/\",\"name\":\"Blog Digital Profiles\",\"description\":\"\",\"publisher\":{\"@id\":\"https:\/\/blog.digitalprofiles.net\/#organization\"},\"potentialAction\":[{\"@type\":\"SearchAction\",\"target\":{\"@type\":\"EntryPoint\",\"urlTemplate\":\"https:\/\/blog.digitalprofiles.net\/?s={search_term_string}\"},\"query-input\":{\"@type\":\"PropertyValueSpecification\",\"valueRequired\":true,\"valueName\":\"search_term_string\"}}],\"inLanguage\":\"en-GB\"},{\"@type\":\"Organization\",\"@id\":\"https:\/\/blog.digitalprofiles.net\/#organization\",\"name\":\"Blog Digital Profiles\",\"url\":\"https:\/\/blog.digitalprofiles.net\/\",\"logo\":{\"@type\":\"ImageObject\",\"inLanguage\":\"en-GB\",\"@id\":\"https:\/\/blog.digitalprofiles.net\/#\/schema\/logo\/image\/\",\"url\":\"https:\/\/blog.digitalprofiles.net\/wp-content\/uploads\/2025\/07\/Digital-Profiles-Logo-Final.jpeg\",\"contentUrl\":\"https:\/\/blog.digitalprofiles.net\/wp-content\/uploads\/2025\/07\/Digital-Profiles-Logo-Final.jpeg\",\"width\":757,\"height\":187,\"caption\":\"Blog Digital Profiles\"},\"image\":{\"@id\":\"https:\/\/blog.digitalprofiles.net\/#\/schema\/logo\/image\/\"}}]}<\/script>\n<!-- \/ Yoast SEO plugin. -->","yoast_head_json":{"title":"Transformaci\u00f3n Digital de Empresas - Blog Digital Profiles","robots":{"index":"index","follow":"follow","max-snippet":"max-snippet:-1","max-image-preview":"max-image-preview:large","max-video-preview":"max-video-preview:-1"},"canonical":"https:\/\/blog.digitalprofiles.net\/en\/transformacion-digital-de-empresas\/","og_locale":"en_GB","og_type":"article","og_title":"Transformaci\u00f3n Digital de Empresas - Blog Digital Profiles","og_description":"Transformaci\u00f3n Digital de Empresas: el motor de la competitividad La transformaci\u00f3n digital de empresas se ha convertido en un factor decisivo para la supervivencia y crecimiento en el mercado actual. Adaptar procesos, tecnolog\u00eda y cultura organizacional no es una opci\u00f3n: es una necesidad. Empresas que implementan una estrategia s\u00f3lida de transformaci\u00f3n digital de empresas logran [&hellip;]","og_url":"https:\/\/blog.digitalprofiles.net\/en\/transformacion-digital-de-empresas\/","og_site_name":"Blog Digital Profiles","article_modified_time":"2025-10-30T22:06:54+00:00","og_image":[{"width":2000,"height":1414,"url":"https:\/\/blog.digitalprofiles.net\/wp-content\/uploads\/2025\/07\/Desarrollo-de-productos-digitales.jpg","type":"image\/jpeg"}],"twitter_card":"summary_large_image","twitter_misc":{"Estimated reading time":"3 minutes"},"schema":{"@context":"https:\/\/schema.org","@graph":[{"@type":"WebPage","@id":"https:\/\/blog.digitalprofiles.net\/transformacion-digital-de-empresas\/","url":"https:\/\/blog.digitalprofiles.net\/transformacion-digital-de-empresas\/","name":"Transformaci\u00f3n Digital de Empresas - Blog Digital Profiles","isPartOf":{"@id":"https:\/\/blog.digitalprofiles.net\/#website"},"primaryImageOfPage":{"@id":"https:\/\/blog.digitalprofiles.net\/transformacion-digital-de-empresas\/#primaryimage"},"image":{"@id":"https:\/\/blog.digitalprofiles.net\/transformacion-digital-de-empresas\/#primaryimage"},"thumbnailUrl":"https:\/\/blog.digitalprofiles.net\/wp-content\/uploads\/2025\/07\/Desarrollo-de-productos-digitales-1024x724.jpg","datePublished":"2025-10-30T22:00:14+00:00","dateModified":"2025-10-30T22:06:54+00:00","breadcrumb":{"@id":"https:\/\/blog.digitalprofiles.net\/transformacion-digital-de-empresas\/#breadcrumb"},"inLanguage":"en-GB","potentialAction":[{"@type":"ReadAction","target":["https:\/\/blog.digitalprofiles.net\/transformacion-digital-de-empresas\/"]}]},{"@type":"ImageObject","inLanguage":"en-GB","@id":"https:\/\/blog.digitalprofiles.net\/transformacion-digital-de-empresas\/#primaryimage","url":"https:\/\/blog.digitalprofiles.net\/wp-content\/uploads\/2025\/07\/Desarrollo-de-productos-digitales-1024x724.jpg","contentUrl":"https:\/\/blog.digitalprofiles.net\/wp-content\/uploads\/2025\/07\/Desarrollo-de-productos-digitales-1024x724.jpg"},{"@type":"BreadcrumbList","@id":"https:\/\/blog.digitalprofiles.net\/transformacion-digital-de-empresas\/#breadcrumb","itemListElement":[{"@type":"ListItem","position":1,"name":"Home","item":"https:\/\/blog.digitalprofiles.net\/"},{"@type":"ListItem","position":2,"name":"Transformaci\u00f3n Digital de Empresas"}]},{"@type":"WebSite","@id":"https:\/\/blog.digitalprofiles.net\/#website","url":"https:\/\/blog.digitalprofiles.net\/","name":"Blog Digital Profiles","description":"","publisher":{"@id":"https:\/\/blog.digitalprofiles.net\/#organization"},"potentialAction":[{"@type":"SearchAction","target":{"@type":"EntryPoint","urlTemplate":"https:\/\/blog.digitalprofiles.net\/?s={search_term_string}"},"query-input":{"@type":"PropertyValueSpecification","valueRequired":true,"valueName":"search_term_string"}}],"inLanguage":"en-GB"},{"@type":"Organization","@id":"https:\/\/blog.digitalprofiles.net\/#organization","name":"Blog Digital Profiles","url":"https:\/\/blog.digitalprofiles.net\/","logo":{"@type":"ImageObject","inLanguage":"en-GB","@id":"https:\/\/blog.digitalprofiles.net\/#\/schema\/logo\/image\/","url":"https:\/\/blog.digitalprofiles.net\/wp-content\/uploads\/2025\/07\/Digital-Profiles-Logo-Final.jpeg","contentUrl":"https:\/\/blog.digitalprofiles.net\/wp-content\/uploads\/2025\/07\/Digital-Profiles-Logo-Final.jpeg","width":757,"height":187,"caption":"Blog Digital Profiles"},"image":{"@id":"https:\/\/blog.digitalprofiles.net\/#\/schema\/logo\/image\/"}}]}},"_links":{"self":[{"href":"https:\/\/blog.digitalprofiles.net\/en\/wp-json\/wp\/v2\/pages\/319","targetHints":{"allow":["GET"]}}],"collection":[{"href":"https:\/\/blog.digitalprofiles.net\/en\/wp-json\/wp\/v2\/pages"}],"about":[{"href":"https:\/\/blog.digitalprofiles.net\/en\/wp-json\/wp\/v2\/types\/page"}],"author":[{"embeddable":true,"href":"https:\/\/blog.digitalprofiles.net\/en\/wp-json\/wp\/v2\/users\/1"}],"replies":[{"embeddable":true,"href":"https:\/\/blog.digitalprofiles.net\/en\/wp-json\/wp\/v2\/comments?post=319"}],"version-history":[{"count":7,"href":"https:\/\/blog.digitalprofiles.net\/en\/wp-json\/wp\/v2\/pages\/319\/revisions"}],"predecessor-version":[{"id":327,"href":"https:\/\/blog.digitalprofiles.net\/en\/wp-json\/wp\/v2\/pages\/319\/revisions\/327"}],"wp:attachment":[{"href":"https:\/\/blog.digitalprofiles.net\/en\/wp-json\/wp\/v2\/media?parent=319"}],"curies":[{"name":"wp","href":"https:\/\/api.w.org\/{rel}","templated":true}]}}